{"id":3016,"date":"2024-03-27T23:00:35","date_gmt":"2024-03-28T04:00:35","guid":{"rendered":"https:\/\/savetoinvesting.in\/?page_id=3016"},"modified":"2024-03-30T11:58:17","modified_gmt":"2024-03-30T16:58:17","slug":"dmca","status":"publish","type":"page","link":"https:\/\/savetoinvesting.in\/de\/dmca.html","title":{"rendered":"DMCA"},"content":{"rendered":"<p style=\"font-size:16px\">Alle Inhalte, die Ihr Urheberrecht verletzen, k\u00f6nnen auf Ihren Wunsch hin entfernt werden. Sie k\u00f6nnen die Entfernung solcher Inhalte beantragen, wenn Sie feststellen, dass sie hier ver\u00f6ffentlicht oder verlinkt wurden.<\/p>\n\n\n\n<p style=\"font-size:16px\">Ihr Vorwurf der Urheberrechtsverletzung muss die folgenden Punkte enthalten:<\/p>\n\n\n\n<p style=\"font-size:16px\">Weisen Sie nach, dass die Person, die im Auftrag des Inhabers des angeblich verletzten ausschlie\u00dflichen Rechts arbeitet, befugt ist.<\/p>\n\n\n\n<p style=\"font-size:16px\">Bitte geben Sie uns genaue Kontaktinformationen, damit wir Sie erreichen k\u00f6nnen. Geben Sie auch eine funktionierende E-Mail-Adresse an.<\/p>\n\n\n\n<p style=\"font-size:16px\">eine Erkl\u00e4rung, dass die beschwerdef\u00fchrende Partei tats\u00e4chlich der Ansicht ist, dass die Verwendung des betreffenden Inhalts durch das Gesetz, den Urheberrechtsinhaber oder beide verboten ist.<\/p>\n\n\n\n<p style=\"font-size:16px\">Eine Erkl\u00e4rung, dass die Angaben in der Anmeldung wahrheitsgem\u00e4\u00df sind und dass der Beschwerdef\u00fchrer das Recht hat, f\u00fcr den Inhaber des angeblich verletzten Ausschlie\u00dflichkeitsrechts zu sprechen, unter Androhung von Meineid.<\/p>\n\n\n\n<p style=\"font-size:16px\">Sie muss von der Person unterzeichnet sein, die befugt ist, im Namen des Inhabers des angeblich verletzten ausschlie\u00dflichen Rechts zu handeln.<\/p>\n\n\n\n<p style=\"font-size:16px\">Senden Sie eine f\u00f6rmliche Aufforderung zur Vertragsverletzung an harshgovind15799@gmail.com<\/p>\n\n\n\n<p style=\"font-size:16px\">F\u00fcr die Entfernung von urheberrechtlich gesch\u00fctztem Material ben\u00f6tigen wir 2-3 Arbeitstage. Wenn Sie Ihre Beschwerde per E-Mail an andere Parteien, wie z. B. unseren Internetdienstanbieter, senden, wird das Verfahren nicht beschleunigt und kann zu einer verz\u00f6gerten Antwort f\u00fchren, weil die Beschwerde nicht korrekt eingereicht wurde.<\/p>\n\n\n<div class=\"kk-star-ratings kksr-auto kksr-align-left kksr-valign-bottom\"\n    data-payload='{&quot;align&quot;:&quot;left&quot;,&quot;id&quot;:&quot;3016&quot;,&quot;slug&quot;:&quot;default&quot;,&quot;valign&quot;:&quot;bottom&quot;,&quot;ignore&quot;:&quot;&quot;,&quot;reference&quot;:&quot;auto&quot;,&quot;class&quot;:&quot;&quot;,&quot;count&quot;:&quot;0&quot;,&quot;legendonly&quot;:&quot;&quot;,&quot;readonly&quot;:&quot;&quot;,&quot;score&quot;:&quot;0&quot;,&quot;starsonly&quot;:&quot;&quot;,&quot;best&quot;:&quot;5&quot;,&quot;gap&quot;:&quot;5&quot;,&quot;greet&quot;:&quot;Rate This page&quot;,&quot;legend&quot;:&quot;0\\\/5 - (0 votes)&quot;,&quot;size&quot;:&quot;24&quot;,&quot;title&quot;:&quot;DMCA&quot;,&quot;width&quot;:&quot;0&quot;,&quot;_legend&quot;:&quot;{score}\\\/{best} - ({count} {votes})&quot;,&quot;font_factor&quot;:&quot;1.25&quot;}'>\n            \n<div class=\"kksr-stars\">\n    \n<div class=\"kksr-stars-inactive\">\n            <div class=\"kksr-star\" data-star=\"1\" style=\"padding-right: 5px\">\n            \n\n<div class=\"kksr-icon\" style=\"width: 24px; height: 24px;\"><\/div>\n        <\/div>\n            <div class=\"kksr-star\" data-star=\"2\" style=\"padding-right: 5px\">\n            \n\n<div class=\"kksr-icon\" style=\"width: 24px; height: 24px;\"><\/div>\n        <\/div>\n            <div class=\"kksr-star\" data-star=\"3\" style=\"padding-right: 5px\">\n            \n\n<div class=\"kksr-icon\" style=\"width: 24px; height: 24px;\"><\/div>\n        <\/div>\n            <div class=\"kksr-star\" data-star=\"4\" style=\"padding-right: 5px\">\n            \n\n<div class=\"kksr-icon\" style=\"width: 24px; height: 24px;\"><\/div>\n        <\/div>\n            <div class=\"kksr-star\" data-star=\"5\" style=\"padding-right: 5px\">\n            \n\n<div class=\"kksr-icon\" style=\"width: 24px; height: 24px;\"><\/div>\n        <\/div>\n    <\/div>\n    \n<div class=\"kksr-stars-active\" style=\"width: 0px;\">\n            <div class=\"kksr-star\" style=\"padding-right: 5px\">\n            \n\n<div class=\"kksr-icon\" style=\"width: 24px; height: 24px;\"><\/div>\n        <\/div>\n            <div class=\"kksr-star\" style=\"padding-right: 5px\">\n            \n\n<div class=\"kksr-icon\" style=\"width: 24px; height: 24px;\"><\/div>\n        <\/div>\n            <div class=\"kksr-star\" style=\"padding-right: 5px\">\n            \n\n<div class=\"kksr-icon\" style=\"width: 24px; height: 24px;\"><\/div>\n        <\/div>\n            <div class=\"kksr-star\" style=\"padding-right: 5px\">\n            \n\n<div class=\"kksr-icon\" style=\"width: 24px; height: 24px;\"><\/div>\n        <\/div>\n            <div class=\"kksr-star\" style=\"padding-right: 5px\">\n            \n\n<div class=\"kksr-icon\" style=\"width: 24px; height: 24px;\"><\/div>\n        <\/div>\n    <\/div>\n<\/div>\n                \n\n<div class=\"kksr-legend\" style=\"font-size: 19.2px;\">\n            <span class=\"kksr-muted\">Rate This page<\/span>\n    <\/div>\n    <\/div>","protected":false},"excerpt":{"rendered":"<p>Any content that violates your copyright may be removed at your request. You can ask for the removal of any such content if you discover it posted here or linked to. The following components must be present in your allegation of copyright infringement: Give proof that the person working on behalf of the owner of &#8230; <a title=\"DMCA\" class=\"read-more\" href=\"https:\/\/savetoinvesting.in\/de\/dmca.html\" aria-label=\"Mehr Informationen \u00fcber DMCA\">Weiterlesen<\/a><\/p>","protected":false},"author":1,"featured_media":0,"parent":0,"menu_order":0,"comment_status":"closed","ping_status":"closed","template":"","meta":{"_editorskit_title_hidden":false,"_editorskit_reading_time":0,"_editorskit_is_block_options_detached":false,"_editorskit_block_options_position":"{}","footnotes":""},"class_list":["post-3016","page","type-page","status-publish"],"_links":{"self":[{"href":"https:\/\/savetoinvesting.in\/de\/wp-json\/wp\/v2\/pages\/3016","targetHints":{"allow":["GET"]}}],"collection":[{"href":"https:\/\/savetoinvesting.in\/de\/wp-json\/wp\/v2\/pages"}],"about":[{"href":"https:\/\/savetoinvesting.in\/de\/wp-json\/wp\/v2\/types\/page"}],"author":[{"embeddable":true,"href":"https:\/\/savetoinvesting.in\/de\/wp-json\/wp\/v2\/users\/1"}],"replies":[{"embeddable":true,"href":"https:\/\/savetoinvesting.in\/de\/wp-json\/wp\/v2\/comments?post=3016"}],"version-history":[{"count":0,"href":"https:\/\/savetoinvesting.in\/de\/wp-json\/wp\/v2\/pages\/3016\/revisions"}],"wp:attachment":[{"href":"https:\/\/savetoinvesting.in\/de\/wp-json\/wp\/v2\/media?parent=3016"}],"curies":[{"name":"wp","href":"https:\/\/api.w.org\/{rel}","templated":true}]}}