{"id":155,"date":"2024-03-28T23:00:10","date_gmt":"2024-03-29T04:00:10","guid":{"rendered":"https:\/\/savetoinvesting.in\/?page_id=155"},"modified":"2024-03-30T11:57:52","modified_gmt":"2024-03-30T16:57:52","slug":"p-disclaimer","status":"publish","type":"page","link":"https:\/\/savetoinvesting.in\/de\/p-disclaimer.html","title":{"rendered":"Haftungsausschluss"},"content":{"rendered":"<div>\n<p class=\"MsoNormal\" style=\"background: white; line-height: normal; margin-bottom: 13.5pt;\"><span style=\"color: #666666;\"><span style=\"font-size: large;\">Haftungsausschluss f\u00fcr Investitionen mit Harshal Patil<\/span><\/span><\/p>\n<p><span style=\"font-size: medium;\">Der Artikel \u00fcber die Aktie und den Aktienmarkt dient lediglich der Sensibilisierung und Aufkl\u00e4rung der Anleger. Die in diesem Blog ge\u00e4u\u00dferten Ansichten und Meinungen sind meine pers\u00f6nlichen Ansichten und stellen keine Anlageempfehlungen oder Ratschl\u00e4ge zum Kauf, Verkauf oder Halten von Aktien eines bestimmten Unternehmens dar. Allen Anlegern wird empfohlen, ihren Finanzberater zu konsultieren und ihre eigenen, unabh\u00e4ngigen Recherchen zu allen Aktien durchzuf\u00fchren, bevor sie eine Entscheidung treffen. Ich \u00fcbernehme keine Verantwortung f\u00fcr Verluste oder Folgen, die sich aus einer Entscheidung ergeben, die Besucher nach dem Lesen meiner Website getroffen haben. <\/span><\/p>\n<p>Wenn Sie weitere Informationen ben\u00f6tigen oder Fragen zum Haftungsausschluss unserer Website haben, k\u00f6nnen Sie uns gerne per E-Mail unter harshgovind15799@gmail.com kontaktieren. Unser Disclaimer wurde mit Hilfe der <a href=\"https:\/\/www.blogger.com\/#\" target=\"_blank\" rel=\"noopener\">Disclaimer Generator<\/a>.<\/p>\n<p>Haftungsausschluss f\u00fcr Investitionen mit Harshal Patil<\/p>\n<p>Alle Informationen auf dieser Website - https:\/\/www.savetoinvesting.in\/ - werden nach bestem Wissen und Gewissen und nur zu allgemeinen Informationszwecken ver\u00f6ffentlicht. Investing With Harshal Patil \u00fcbernimmt keine Gew\u00e4hr f\u00fcr die Vollst\u00e4ndigkeit, Zuverl\u00e4ssigkeit und Richtigkeit dieser Informationen. Jede Handlung, die Sie aufgrund der Informationen auf dieser Website (Investing With Harshal Patil) vornehmen, geschieht ausschlie\u00dflich auf Ihr eigenes Risiko. Investing With Harshal Patil haftet nicht f\u00fcr Verluste und\/oder Sch\u00e4den im Zusammenhang mit der Nutzung unserer Website.<\/p>\n<p>Von unserer Website aus k\u00f6nnen Sie andere Websites besuchen, indem Sie Hyperlinks zu solchen externen Websites folgen. Obwohl wir uns bem\u00fchen, nur qualitativ hochwertige Links zu n\u00fctzlichen und ethischen Websites anzubieten, haben wir keine Kontrolle \u00fcber den Inhalt und die Art dieser Websites. Diese Links zu anderen Websites stellen keine Empfehlung f\u00fcr den gesamten Inhalt dieser Websites dar. Die Eigent\u00fcmer und Inhalte der Websites k\u00f6nnen sich ohne Vorank\u00fcndigung \u00e4ndern, bevor wir die M\u00f6glichkeit haben, einen Link zu entfernen, der m\u00f6glicherweise \"schlecht\" geworden ist.<\/p>\n<p>Bitte beachten Sie auch, dass andere Websites, wenn Sie unsere Website verlassen, andere Datenschutzrichtlinien und -bedingungen haben k\u00f6nnen, die au\u00dferhalb unserer Kontrolle liegen. Bitte informieren Sie sich \u00fcber die Datenschutzrichtlinien dieser Websites sowie \u00fcber deren \"Nutzungsbedingungen\", bevor Sie Gesch\u00e4fte t\u00e4tigen oder Informationen hochladen.<\/p>\n<p>We would like to bring to your attention that any information provided on our website related to crypto, stocks, crypto casino, betting, or any financial topic is intended solely for educational purposes and should not be construed as financial, investment, or legal advice. The content presented here is for general informational purposes only and does not constitute any form of recommendation, endorsement, or solicitation to engage in specific financial activities.<\/p>\n<p>It is crucial to understand that the cryptocurrency, stock, and betting markets are highly volatile and involve substantial risks. As such, we strongly advise all users to exercise their own due diligence and consult with qualified financial advisors or professionals before making any financial decisions. Each individual&#8217;s financial situation is unique, and what might be suitable for one person may not be appropriate for another.<\/p>\n<p>While we strive to provide accurate and up-to-date information, we cannot guarantee the completeness or accuracy of the content on our website. Market conditions and regulations can change rapidly, and therefore, any reliance you place on the information provided here is at your own risk.<\/p>\n<p>We emphasize that engaging in financial activities carries inherent risks, and past performance does not guarantee future results. Always be cautious and never invest or bet more than you can afford to lose.<\/p>\n<p>By using our website and accessing the information presented here, you acknowledge that you are solely responsible for any financial decisions you make, and we disclaim any liability for any losses or damages incurred directly or indirectly from the use of our website or the information provided herein.<\/p>\n<p>Please remember that the world of finance and cryptocurrency is ever-changing, and we encourage you to stay informed and make well-informed decisions. Our goal is to foster a safe and informed community of users interested in financial education.<\/p>\n<p>Consent<\/p>\n<p>Durch die Nutzung unserer Website erkl\u00e4ren Sie sich mit unserem Haftungsausschluss einverstanden und stimmen dessen Bedingungen zu.<\/p>\n<p>Update<\/p>\n<p>Sollten wir dieses Dokument aktualisieren, erg\u00e4nzen oder \u00e4ndern, werden diese \u00c4nderungen an dieser Stelle deutlich sichtbar ver\u00f6ffentlicht.<\/p>\n<p><span style=\"color: #333333;\"><span style=\"font-family: verdana;\">\u00a0<\/span><\/span><\/p>\n<\/div>\n\n\n<div class=\"kk-star-ratings kksr-auto kksr-align-left kksr-valign-bottom\"\n    data-payload='{&quot;align&quot;:&quot;left&quot;,&quot;id&quot;:&quot;155&quot;,&quot;slug&quot;:&quot;default&quot;,&quot;valign&quot;:&quot;bottom&quot;,&quot;ignore&quot;:&quot;&quot;,&quot;reference&quot;:&quot;auto&quot;,&quot;class&quot;:&quot;&quot;,&quot;count&quot;:&quot;0&quot;,&quot;legendonly&quot;:&quot;&quot;,&quot;readonly&quot;:&quot;&quot;,&quot;score&quot;:&quot;0&quot;,&quot;starsonly&quot;:&quot;&quot;,&quot;best&quot;:&quot;5&quot;,&quot;gap&quot;:&quot;5&quot;,&quot;greet&quot;:&quot;Rate This page&quot;,&quot;legend&quot;:&quot;0\\\/5 - (0 votes)&quot;,&quot;size&quot;:&quot;24&quot;,&quot;title&quot;:&quot;Disclaimer&quot;,&quot;width&quot;:&quot;0&quot;,&quot;_legend&quot;:&quot;{score}\\\/{best} - ({count} {votes})&quot;,&quot;font_factor&quot;:&quot;1.25&quot;}'>\n            \n<div class=\"kksr-stars\">\n    \n<div class=\"kksr-stars-inactive\">\n            <div class=\"kksr-star\" data-star=\"1\" style=\"padding-right: 5px\">\n            \n\n<div class=\"kksr-icon\" style=\"width: 24px; height: 24px;\"><\/div>\n        <\/div>\n            <div class=\"kksr-star\" data-star=\"2\" style=\"padding-right: 5px\">\n            \n\n<div class=\"kksr-icon\" style=\"width: 24px; height: 24px;\"><\/div>\n        <\/div>\n            <div class=\"kksr-star\" data-star=\"3\" style=\"padding-right: 5px\">\n            \n\n<div class=\"kksr-icon\" style=\"width: 24px; height: 24px;\"><\/div>\n        <\/div>\n            <div class=\"kksr-star\" data-star=\"4\" style=\"padding-right: 5px\">\n            \n\n<div class=\"kksr-icon\" style=\"width: 24px; height: 24px;\"><\/div>\n        <\/div>\n            <div class=\"kksr-star\" data-star=\"5\" style=\"padding-right: 5px\">\n            \n\n<div class=\"kksr-icon\" style=\"width: 24px; height: 24px;\"><\/div>\n        <\/div>\n    <\/div>\n    \n<div class=\"kksr-stars-active\" style=\"width: 0px;\">\n            <div class=\"kksr-star\" style=\"padding-right: 5px\">\n            \n\n<div class=\"kksr-icon\" style=\"width: 24px; height: 24px;\"><\/div>\n        <\/div>\n            <div class=\"kksr-star\" style=\"padding-right: 5px\">\n            \n\n<div class=\"kksr-icon\" style=\"width: 24px; height: 24px;\"><\/div>\n        <\/div>\n            <div class=\"kksr-star\" style=\"padding-right: 5px\">\n            \n\n<div class=\"kksr-icon\" style=\"width: 24px; height: 24px;\"><\/div>\n        <\/div>\n            <div class=\"kksr-star\" style=\"padding-right: 5px\">\n            \n\n<div class=\"kksr-icon\" style=\"width: 24px; height: 24px;\"><\/div>\n        <\/div>\n            <div class=\"kksr-star\" style=\"padding-right: 5px\">\n            \n\n<div class=\"kksr-icon\" style=\"width: 24px; height: 24px;\"><\/div>\n        <\/div>\n    <\/div>\n<\/div>\n                \n\n<div class=\"kksr-legend\" style=\"font-size: 19.2px;\">\n            <span class=\"kksr-muted\">Rate This page<\/span>\n    <\/div>\n    <\/div>","protected":false},"excerpt":{"rendered":"<p>Disclaimer for Investing With Harshal Patil The article on the share and the share market is only for awareness and educational purposes for the investors. The views and opinions expressed in this blog are my personal views and are not investment suggestions or advice on buying, selling, or holding a share of a particular company. &#8230; <a title=\"Haftungsausschluss\" class=\"read-more\" href=\"https:\/\/savetoinvesting.in\/de\/p-disclaimer.html\" aria-label=\"Mehr Informationen \u00fcber Disclaimer\">Weiterlesen<\/a><\/p>","protected":false},"author":1,"featured_media":0,"parent":0,"menu_order":0,"comment_status":"closed","ping_status":"closed","template":"","meta":{"_editorskit_title_hidden":false,"_editorskit_reading_time":0,"_editorskit_is_block_options_detached":false,"_editorskit_block_options_position":"{}","footnotes":""},"class_list":["post-155","page","type-page","status-publish"],"_links":{"self":[{"href":"https:\/\/savetoinvesting.in\/de\/wp-json\/wp\/v2\/pages\/155","targetHints":{"allow":["GET"]}}],"collection":[{"href":"https:\/\/savetoinvesting.in\/de\/wp-json\/wp\/v2\/pages"}],"about":[{"href":"https:\/\/savetoinvesting.in\/de\/wp-json\/wp\/v2\/types\/page"}],"author":[{"embeddable":true,"href":"https:\/\/savetoinvesting.in\/de\/wp-json\/wp\/v2\/users\/1"}],"replies":[{"embeddable":true,"href":"https:\/\/savetoinvesting.in\/de\/wp-json\/wp\/v2\/comments?post=155"}],"version-history":[{"count":0,"href":"https:\/\/savetoinvesting.in\/de\/wp-json\/wp\/v2\/pages\/155\/revisions"}],"wp:attachment":[{"href":"https:\/\/savetoinvesting.in\/de\/wp-json\/wp\/v2\/media?parent=155"}],"curies":[{"name":"wp","href":"https:\/\/api.w.org\/{rel}","templated":true}]}}